{"id":1126,"date":"2020-02-25T08:13:49","date_gmt":"2020-02-25T08:13:49","guid":{"rendered":"http:\/\/demo.wpsmartapps.com\/manual\/one\/?page_id=1126"},"modified":"2026-04-14T09:45:14","modified_gmt":"2026-04-14T07:45:14","slug":"home-landing-2","status":"publish","type":"page","link":"https:\/\/www.electronicstime.it\/servizi\/","title":{"rendered":"Home Landing"},"content":{"rendered":"<p>[vc_row equal_height=&#8221;yes&#8221; disable_element=&#8221;yes&#8221; row_content_display=&#8221;in_grid&#8221; row_content_display_align=&#8221;left&#8221; row_type=&#8221;row&#8221; stretch_row_type=&#8221;yes&#8221; css=&#8221;.vc_custom_1767772433572{margin-top: 0px !important;border-top-width: 0px !important;padding-top: 0px !important;}&#8221;][vc_column width=&#8221;2\/3&#8243; css=&#8221;.vc_custom_1690550499606{margin-top: 0px !important;border-top-width: 0px !important;padding-top: 0px !important;}&#8221;][vc_single_image image=&#8221;10488&#8243; img_size=&#8221;full&#8221; alignment=&#8221;center&#8221; onclick=&#8221;custom_link&#8221; css=&#8221;.vc_custom_1765786990302{border-radius: 3px !important;}&#8221; link=&#8221;https:\/\/www.electronicstime.it\/servizi\/christmas-sale\/&#8221;][vc_btn title=&#8221;SCARICA OFFERTE !&#8221; color=&#8221;warning&#8221; size=&#8221;lg&#8221; i_icon_fontawesome=&#8221;fas fa-box-open&#8221; css_animation=&#8221;bounceIn&#8221; add_icon=&#8221;true&#8221; link=&#8221;url:https%3A%2F%2Fwww.electronicstime.it%2Fservizi%2Fchristmas-sale%2F&#8221; css=&#8221;.vc_custom_1765787675769{margin-top: -150px !important;margin-left: 40px !important;border-top-width: 0px !important;padding-top: 0px !important;}&#8221;][\/vc_column][vc_column width=&#8221;1\/3&#8243; css=&#8221;.vc_custom_1765787727951{margin-top: 0px !important;border-top-width: 0px !important;padding-top: 0px !important;}&#8221;][vc_empty_space height=&#8221;52px&#8221;][vc_cta h2=&#8221;RICEVI UN FANTASTICO REGALO !&#8221; h2_font_container=&#8221;font_size:42|color:%23dd3333&#8243; h2_use_theme_fonts=&#8221;yes&#8221; use_custom_fonts_h2=&#8221;true&#8221; h2_link=&#8221;url:https%3A%2F%2Fwww.electronicstime.it%2Fservizi%2Fblack-week-et%2F|title:CLICCA%20QUI&#8221;]<\/p>\n<pre><strong>SU UNA SPESA DI \u20ac 2.500,00<\/strong>\r\nPiumino smanicato paravento ET Fradi<\/pre>\n<p>[\/vc_cta][\/vc_column][\/vc_row][vc_row row_content_display=&#8221;in_grid&#8221; row_content_display_align=&#8221;left&#8221; row_type=&#8221;row&#8221; stretch_row_type=&#8221;yes&#8221; css=&#8221;.vc_custom_1690550576104{padding-top: 0px !important;padding-bottom: 40px !important;}&#8221;][vc_column width=&#8221;1\/3&#8243;]<a href=\"\/servizi\/doc\/listini-e-cataloghi\/\"  class=\"ult_price_action_button\" style=\"\"><div class=\"ult_pricing_table_wrap ult_info_table ult_design_4  ult-cs-black  \">\r\n\t\t\t\t\t<div class=\"ult_pricing_table \" style=\" \"><div id=\"Info-table-wrap-7913\" class=\"ult_pricing_heading\">\r\n\t\t\t\t\t\t\t<h4 class=\"ult-responsive\"  data-ultimate-target='#Info-table-wrap-7913 h4'  data-responsive-json-new='{\"font-size\":\"\",\"line-height\":\"\"}'  style=\"font-weight:bold;\">LISTINI &amp; CATALOGHI<\/h4><h5 class=\"ult-responsive\" style=\"font-weight:normal;\">Documenti case madri<\/h5><\/div><!--ult_pricing_heading--><div class=\"ult_price_body_block\">\r\n\t\t\t\t\t\t\t<div class=\"ult_price_body\">\r\n\t\t\t\t\t\t\t\t<div class=\"ult_price\">\r\n\t\t\t\t\t\t\t\t\t<div class=\"ult-just-icon-wrapper  \"><div class=\"align-icon\" style=\"text-align:center;\">\n<div class=\"aio-icon-img \" style=\"font-size:250px;display:inline-block;\" >\n\t<img decoding=\"async\" class=\"img-icon\" alt=\"\" src=\"https:\/\/www.electronicstime.it\/servizi\/wp-content\/uploads\/2021\/11\/3_electronics_time_service.png\"\/>\n<\/div><\/div><\/div>\r\n\t\t\t\t\t\t\t\t<\/div>\r\n\t\t\t\t\t\t\t<\/div>\r\n\t\t\t\t\t\t<\/div><!--ult_price_body_block--><div id=\"info_table_features_wrap-2130\"  data-ultimate-target='#info_table_features_wrap-2130.ult_price_features'  data-responsive-json-new='{\"font-size\":\"desktop:16px;\",\"line-height\":\"\"}'  class=\"ult-responsive ult_price_features\" style=\"font-weight:normal;font-size:desktop:16px;px;color:#222222;\">\r\n\t\t\t\t\t\t\t<p><strong>Area riservata agli iscritti<\/strong><\/p>\n\r\n\t\t\t\t\t\t<\/div><!--ult_price_features--><div class=\"ult_clr\"><\/div>\r\n\t\t\t<\/div><!--pricing_table-->\r\n\t\t<\/div><!--pricing_table_wrap--><\/a>[\/vc_column][vc_column width=&#8221;1\/3&#8243;]<a href=\"\/servizi\/argomento\/download-manuali-software\/\"  class=\"ult_price_action_button\" style=\"\"><div class=\"ult_pricing_table_wrap ult_info_table ult_design_4  ult-cs-black  \">\r\n\t\t\t\t\t<div class=\"ult_pricing_table \" style=\" \"><div id=\"Info-table-wrap-1356\" class=\"ult_pricing_heading\">\r\n\t\t\t\t\t\t\t<h4 class=\"ult-responsive\"  data-ultimate-target='#Info-table-wrap-1356 h4'  data-responsive-json-new='{\"font-size\":\"\",\"line-height\":\"\"}'  style=\"font-weight:bold;\">MANUALI &amp; SOFTWARE<\/h4><h5 class=\"ult-responsive\" style=\"font-weight:normal;\">File PDF, EXE, ZIP e APP<\/h5><\/div><!--ult_pricing_heading--><div class=\"ult_price_body_block\">\r\n\t\t\t\t\t\t\t<div class=\"ult_price_body\">\r\n\t\t\t\t\t\t\t\t<div class=\"ult_price\">\r\n\t\t\t\t\t\t\t\t\t<div class=\"ult-just-icon-wrapper  \"><div class=\"align-icon\" style=\"text-align:center;\">\n<div class=\"aio-icon-img \" style=\"font-size:250px;display:inline-block;\" >\n\t<img decoding=\"async\" class=\"img-icon\" alt=\"\" src=\"https:\/\/www.electronicstime.it\/servizi\/wp-content\/uploads\/2021\/11\/2_electronics_time_service.png\"\/>\n<\/div><\/div><\/div>\r\n\t\t\t\t\t\t\t\t<\/div>\r\n\t\t\t\t\t\t\t<\/div>\r\n\t\t\t\t\t\t<\/div><!--ult_price_body_block--><div id=\"info_table_features_wrap-4244\"  data-ultimate-target='#info_table_features_wrap-4244.ult_price_features'  data-responsive-json-new='{\"font-size\":\"desktop:16px;\",\"line-height\":\"\"}'  class=\"ult-responsive ult_price_features\" style=\"font-weight:normal;font-size:desktop:16px;px;color:#222222;\">\r\n\t\t\t\t\t\t\t<p><span style=\"color: #000000;\"><strong>Area riservata agli iscritti<\/strong><\/span><\/p>\n\r\n\t\t\t\t\t\t<\/div><!--ult_price_features--><div class=\"ult_clr\"><\/div>\r\n\t\t\t<\/div><!--pricing_table-->\r\n\t\t<\/div><!--pricing_table_wrap--><\/a>[\/vc_column][vc_column width=&#8221;1\/3&#8243;]<a href=\"\/servizi\/domande-risposte\/\" title=\"Domande \u2013 Risposte\"  class=\"ult_price_action_button\" style=\"\"><div class=\"ult_pricing_table_wrap ult_info_table ult_design_4  ult-cs-black  \">\r\n\t\t\t\t\t<div class=\"ult_pricing_table \" style=\" \"><div id=\"Info-table-wrap-5680\" class=\"ult_pricing_heading\">\r\n\t\t\t\t\t\t\t<h4 class=\"ult-responsive\"  data-ultimate-target='#Info-table-wrap-5680 h4'  data-responsive-json-new='{\"font-size\":\"\",\"line-height\":\"\"}'  style=\"font-weight:bold;\">FAQ<\/h4><h5 class=\"ult-responsive\" style=\"font-weight:normal;\">Domande e Risposte<\/h5><\/div><!--ult_pricing_heading--><div class=\"ult_price_body_block\">\r\n\t\t\t\t\t\t\t<div class=\"ult_price_body\">\r\n\t\t\t\t\t\t\t\t<div class=\"ult_price\">\r\n\t\t\t\t\t\t\t\t\t<div class=\"ult-just-icon-wrapper  \"><div class=\"align-icon\" style=\"text-align:center;\">\n<div class=\"aio-icon-img \" style=\"font-size:250px;display:inline-block;\" >\n\t<img decoding=\"async\" class=\"img-icon\" alt=\"\" src=\"https:\/\/www.electronicstime.it\/servizi\/wp-content\/uploads\/2021\/11\/1_electronics_time_service.png\"\/>\n<\/div><\/div><\/div>\r\n\t\t\t\t\t\t\t\t<\/div>\r\n\t\t\t\t\t\t\t<\/div>\r\n\t\t\t\t\t\t<\/div><!--ult_price_body_block--><div id=\"info_table_features_wrap-2304\"  data-ultimate-target='#info_table_features_wrap-2304.ult_price_features'  data-responsive-json-new='{\"font-size\":\"desktop:16px;\",\"line-height\":\"\"}'  class=\"ult-responsive ult_price_features\" style=\"font-weight:normal;font-size:desktop:16px;px;color:#222222;\">\r\n\t\t\t\t\t\t\t<p><strong>Accesso libero<\/strong><\/p>\n\r\n\t\t\t\t\t\t<\/div><!--ult_price_features--><div class=\"ult_clr\"><\/div>\r\n\t\t\t<\/div><!--pricing_table-->\r\n\t\t<\/div><!--pricing_table_wrap--><\/a>[\/vc_column][\/vc_row][vc_row disable_element=&#8221;yes&#8221; row_content_display=&#8221;in_grid&#8221; row_content_display_align=&#8221;left&#8221; row_type=&#8221;row&#8221; stretch_row_type=&#8221;yes&#8221; css=&#8221;.vc_custom_1773765478880{margin-top: -50px !important;border-top-width: -50px !important;padding-top: -50px !important;}&#8221;][vc_column][vc_text_separator title=&#8221;EYEMOTION SOLUZIONI 2025&#8243;][vc_single_image image=&#8221;10374&#8243; img_size=&#8221;1920&#215;800&#8243; alignment=&#8221;center&#8221; style=&#8221;vc_box_rounded&#8221; onclick=&#8221;custom_link&#8221; css=&#8221;.vc_custom_1757314604151{margin-top: -20px !important;border-top-width: -20px !important;padding-top: -20px !important;}&#8221; link=&#8221;https:\/\/www.electronicstime.it\/servizi\/download\/eyemotion-soluzioni-2025\/&#8221;][\/vc_column][\/vc_row][vc_row disable_element=&#8221;yes&#8221; row_content_display=&#8221;in_grid&#8221; row_content_display_align=&#8221;left&#8221; row_type=&#8221;row&#8221; stretch_row_type=&#8221;yes&#8221; css=&#8221;.vc_custom_1634736503973{padding-top: 40px !important;padding-bottom: 40px !important;}&#8221;][vc_column width=&#8221;1\/4&#8243;]<a href=\"#\"  class=\"ult_price_action_button\" style=\"\"><div class=\"ult_pricing_table_wrap ult_info_table ult_design_4  ult-cs-black  \">\r\n\t\t\t\t\t<div class=\"ult_pricing_table \" style=\" \"><div id=\"Info-table-wrap-4920\" class=\"ult_pricing_heading\">\r\n\t\t\t\t\t\t\t<h4 class=\"ult-responsive\"  data-ultimate-target='#Info-table-wrap-4920 h4'  data-responsive-json-new='{\"font-size\":\"\",\"line-height\":\"\"}'  style=\"font-weight:bold;\">ET ACADEMY<\/h4><h5 class=\"ult-responsive\" style=\"font-weight:normal;\">Corsi professionali<\/h5><\/div><!--ult_pricing_heading--><div class=\"ult_price_body_block\">\r\n\t\t\t\t\t\t\t<div class=\"ult_price_body\">\r\n\t\t\t\t\t\t\t\t<div class=\"ult_price\">\r\n\t\t\t\t\t\t\t\t\t<div class=\"ult-just-icon-wrapper  \"><div class=\"align-icon\" style=\"text-align:center;\">\n<div class=\"aio-icon-img \" style=\"font-size:100px;display:inline-block;\" >\n\t<img decoding=\"async\" class=\"img-icon\" alt=\"\" src=\"https:\/\/www.electronicstime.it\/servizi\/wp-content\/uploads\/2020\/10\/ET-ICON-TXT.png\"\/>\n<\/div><\/div><\/div>\r\n\t\t\t\t\t\t\t\t<\/div>\r\n\t\t\t\t\t\t\t<\/div>\r\n\t\t\t\t\t\t<\/div><!--ult_price_body_block--><div id=\"info_table_features_wrap-5294\"  data-ultimate-target='#info_table_features_wrap-5294.ult_price_features'  data-responsive-json-new='{\"font-size\":\"desktop:16px;\",\"line-height\":\"\"}'  class=\"ult-responsive ult_price_features\" style=\"font-weight:normal;font-size:desktop:16px;px;color:#222222;\">\r\n\t\t\t\t\t\t\t<p>Area di percorsi formativi<\/p>\n\r\n\t\t\t\t\t\t<\/div><!--ult_price_features--><div class=\"ult_clr\"><\/div>\r\n\t\t\t<\/div><!--pricing_table-->\r\n\t\t<\/div><!--pricing_table_wrap--><\/a>[\/vc_column][vc_column width=&#8221;1\/4&#8243;][\/vc_column][vc_column width=&#8221;1\/4&#8243;][\/vc_column][vc_column width=&#8221;1\/4&#8243;][\/vc_column][\/vc_row][vc_row disable_element=&#8221;yes&#8221; row_content_display=&#8221;in_grid&#8221; row_content_display_align=&#8221;left&#8221; row_type=&#8221;row&#8221; stretch_row_type=&#8221;yes&#8221;][vc_column][vc_custom_heading text=&#8221;I NOSTRI WEBINAR TECNICO-COMMERCIALI&#8221; font_container=&#8221;tag:h2|font_size:30|text_align:center|color:%231e73be&#8221; use_theme_fonts=&#8221;yes&#8221;][vc_separator color=&#8221;blue&#8221;][vc_empty_space height=&#8221;30px&#8221;][\/vc_column][vc_column]<div class=\"content-wrapper body-content\"><div class=\"col-md-8 col-sm-12 inline-content-block-right\" style=\"padding-left: 0px;\"><div class=\"print-content inline-content-titlefix\"><div class=\"printinlinedoc\">[print-me printstyle=\"pom-small-grey\" tag=\"span\" target=\".print-content\"]<\/div><div id=\"6139\" class=\"ininebody\" style=\"padding-top: 0px;\"><div class=\"page-title-header\"><h2 class=\"inline-pagetitle\">Webinar Bosch 3000i - StefanoRiboli - BOSCH Security<span class=\"inlinedoc-postlink\" onclick=\"prompt('Press Ctrl + C, then Enter to copy to clipboard','https:\/\/www.electronicstime.it\/servizi\/#6139')\">#<\/span><\/h2><\/div><div class=\"post-cat margin-btm-35\"><\/div><div class=\"entry-content clearfix\"><div>Grazie all&#8217;introduzione delle telecamere IP 3000i \u00e8 possibile estendere la videosorveglianza intelligente anche alle applicazioni meno complesse. Le telecamere IP 3000i sono costruite per prestazioni di alta qualit\u00e0, sicurezza 24\/7 e progettate per una facile installazione. Offrono anche qualcosa che il mercato non ha mai visto prima d&#8217;ora in telecamere a prezzi cos\u00ec competitivi: l&#8217;Essential Video Analytics integrata. \u00c8 possibile trovare maggiori dettagli nel webinar presentato da Stefano Riboli<\/div>\n<div class=\"videoWrapper\"><iframe loading=\"lazy\" width=\"560\" height=\"315\" src=\"https:\/\/www.youtube.com\/embed\/OKNzE0afi30\" title=\"YouTube video player\" frameborder=\"0\" allow=\"accelerometer; autoplay; clipboard-write; encrypted-media; gyroscope; picture-in-picture\" allowfullscreen><\/iframe><\/div>\n<\/div><div class=\"margin-btm-40\"><\/div><\/div><div id=\"4466\" class=\"ininebody\" ><div class=\"page-title-header\"><h2 class=\"inline-pagetitle\">Serie BW Sistemi Wireless Bidirezionali di BENTEL SECURITY<span class=\"inlinedoc-postlink\" onclick=\"prompt('Press Ctrl + C, then Enter to copy to clipboard','https:\/\/www.electronicstime.it\/servizi\/#4466')\">#<\/span><\/h2><\/div><div class=\"post-cat margin-btm-35\"><\/div><div class=\"entry-content clearfix\"><div>UNICA SOLUZIONE, INNUMEREVOLI VANTAGGI<\/div>\n<div><\/div>\n<div class=\"videoWrapper\"><iframe loading=\"lazy\" title=\"YouTube video player\" src=\"https:\/\/www.youtube.com\/embed\/gGY8FajH_t8\" width=\"560\" height=\"315\" frameborder=\"0\" allowfullscreen=\"allowfullscreen\"><span data-mce-type=\"bookmark\" style=\"display: inline-block; width: 0px; overflow: hidden; line-height: 0;\" class=\"mce_SELRES_start\">\ufeff<\/span><\/iframe><\/div>\n<\/div><div class=\"margin-btm-40\"><\/div><\/div><div id=\"6120\" class=\"ininebody\" ><div class=\"page-title-header\"><h2 class=\"inline-pagetitle\">Video Content Analysis - BOSCH Security<span class=\"inlinedoc-postlink\" onclick=\"prompt('Press Ctrl + C, then Enter to copy to clipboard','https:\/\/www.electronicstime.it\/servizi\/#6120')\">#<\/span><\/h2><\/div><div class=\"post-cat margin-btm-35\"><\/div><div class=\"entry-content clearfix\"><div>Oltre la sicurezza: tutto ci\u00f2 che \u00e8 possibile fare attraverso la video content analysis.<br \/>\nOgni videocamera Bosch ha algoritmi integrati che permettono di classificare automaticamente gli oggetti ripresi e classificarli in base alle propriet\u00e0 rilevate, quali colore, dimensione, traiettoria. Tutto ci\u00f2 \u00e8 solitamente utilizzato ai fini della sicurezza, ma attraverso l&#8217;utilizzo di dashboard personalizzabili \u00e8 possibile raccogliere, organizzare e utilizzare questi dati per scopi differenti.<br \/>\nScopriamoli insieme a Stefano Riboli, Marketing Manager Security.<\/div>\n<div><\/div>\n<div class=\"videoWrapper\"><iframe loading=\"lazy\" title=\"YouTube video player\" src=\"https:\/\/www.youtube.com\/embed\/plS89YDDE2M\" width=\"560\" height=\"315\" frameborder=\"0\" allowfullscreen=\"allowfullscreen\"><\/iframe><\/div>\n<\/div><div class=\"margin-btm-40\"><\/div><\/div><\/div><\/div><aside class=\"col-md-4 col-sm-12 inlinedocsidebar inlinedoc-right-sidebar\" id=\"sidebar-box\" style=\"padding-right: 0px;\"><div class=\"custom-well blankbg sidebar-nav\" style=\"padding-right: 0px; padding-top:0px;\"><div class=\"inlinedocs-sidebar\" id=\"docinlinespy\" data-spy=\"affix\"><ul class=\"nav\"><li><a href=\"#6139\" class=\"inlineclick\">Webinar Bosch 3000i &#8211; StefanoRiboli &#8211; BOSCH Security<\/a><\/li><li><a href=\"#4466\" class=\"inlineclick\">Serie BW Sistemi Wireless Bidirezionali di BENTEL SECURITY<\/a><\/li><li><a href=\"#6120\" class=\"inlineclick\">Video Content Analysis &#8211; BOSCH Security<\/a><\/li><\/ul><\/div><\/div><\/aside><\/div>[\/vc_column][\/vc_row][vc_row disable_element=&#8221;yes&#8221; row_content_display=&#8221;in_grid&#8221; row_content_display_align=&#8221;left&#8221; row_type=&#8221;row&#8221; stretch_row_type=&#8221;yes&#8221;][vc_column]<div class=\"ult-animation  ult-animate-viewport  ult-no-mobile \" data-animate=\"zoomIn\" data-animation-delay=\"0\" data-animation-duration=\"2\" data-animation-iteration=\"1\" style=\"opacity:0;\" data-opacity_start_effect=\"100\">[vc_single_image image=&#8221;6&#8243; img_size=&#8221;full&#8221;]<\/div>[\/vc_column][\/vc_row]<\/p>\n","protected":false},"excerpt":{"rendered":"<p>[vc_row equal_height=&#8221;yes&#8221; disable_element=&#8221;yes&#8221; row_content_display=&#8221;in_grid&#8221; row_content_display_align=&#8221;left&#8221; row_type=&#8221;row&#8221; stretch_row_type=&#8221;yes&#8221; css=&#8221;.vc_custom_1767772433572{margin-top: 0px !important;border-top-width: 0px !important;padding-top: 0px !important;}&#8221;][vc_column width=&#8221;2\/3&#8243; css=&#8221;.vc_custom_1690550499606{margin-top: 0px !important;border-top-width: 0px !important;padding-top: 0px !important;}&#8221;][vc_single_image image=&#8221;10488&#8243; img_size=&#8221;full&#8221; alignment=&#8221;center&#8221; onclick=&#8221;custom_link&#8221; css=&#8221;.vc_custom_1765786990302{border-radius: 3px !important;}&#8221; link=&#8221;https:\/\/www.electronicstime.it\/servizi\/christmas-sale\/&#8221;][vc_btn title=&#8221;SCARICA OFFERTE !&#8221; color=&#8221;warning&#8221; size=&#8221;lg&#8221; i_icon_fontawesome=&#8221;fas fa-box-open&#8221; css_animation=&#8221;bounceIn&#8221; add_icon=&#8221;true&#8221; link=&#8221;url:https%3A%2F%2Fwww.electronicstime.it%2Fservizi%2Fchristmas-sale%2F&#8221; css=&#8221;.vc_custom_1765787675769{margin-top: -150px !important;margin-left: 40px !important;border-top-width: 0px !important;padding-top: 0px !important;}&#8221;][\/vc_column][vc_column width=&#8221;1\/3&#8243; css=&#8221;.vc_custom_1765787727951{margin-top: 0px !important;border-top-width: 0px !important;padding-top: [&hellip;]<\/p>\n","protected":false},"author":1,"featured_media":0,"parent":0,"menu_order":0,"comment_status":"closed","ping_status":"closed","template":"","meta":{"footnotes":""},"_links":{"self":[{"href":"https:\/\/www.electronicstime.it\/servizi\/wp-json\/wp\/v2\/pages\/1126"}],"collection":[{"href":"https:\/\/www.electronicstime.it\/servizi\/wp-json\/wp\/v2\/pages"}],"about":[{"href":"https:\/\/www.electronicstime.it\/servizi\/wp-json\/wp\/v2\/types\/page"}],"author":[{"embeddable":true,"href":"https:\/\/www.electronicstime.it\/servizi\/wp-json\/wp\/v2\/users\/1"}],"replies":[{"embeddable":true,"href":"https:\/\/www.electronicstime.it\/servizi\/wp-json\/wp\/v2\/comments?post=1126"}],"version-history":[{"count":159,"href":"https:\/\/www.electronicstime.it\/servizi\/wp-json\/wp\/v2\/pages\/1126\/revisions"}],"predecessor-version":[{"id":10588,"href":"https:\/\/www.electronicstime.it\/servizi\/wp-json\/wp\/v2\/pages\/1126\/revisions\/10588"}],"wp:attachment":[{"href":"https:\/\/www.electronicstime.it\/servizi\/wp-json\/wp\/v2\/media?parent=1126"}],"curies":[{"name":"wp","href":"https:\/\/api.w.org\/{rel}","templated":true}]}}