{"id":3,"date":"2020-10-22T16:06:48","date_gmt":"2020-10-22T14:06:48","guid":{"rendered":"http:\/\/www.electronicstime.it\/documenti-tecnici\/?page_id=3"},"modified":"2022-02-25T10:13:52","modified_gmt":"2022-02-25T09:13:52","slug":"privacy-policy","status":"publish","type":"page","link":"https:\/\/www.electronicstime.it\/servizi\/privacy-policy\/","title":{"rendered":"TRATTAMENTO DEI DATI PERSONALI"},"content":{"rendered":"\n<h2 class=\"wp-block-heading\">INFORMAZIONI SUL TRATTAMENTO DEI DATI PERSONALI<\/h2>\n\n\n\n<p>degli utenti che consultano i siti web di Electronic\u2019s Time S.r.l.ai sensi dell&#8217;articolo 13 del Regolamento (UE) 2016\/679<\/p>\n\n\n\n<h3 class=\"wp-block-heading\">Perch\u00e8 queste informazioni<\/h3>\n\n\n\n<p>Ai sensi del Regolamento (UE) 2016\/679 (di seguito &#8220;Regolamento&#8221;), questa pagina descrive le modalit\u00e0 di trattamento dei dati personali degli utenti che consultano i siti web di Electronic\u2019s Time S.r.l. (di seguito &#8220;Electronic\u2019s Time&#8221;) accessibili per via telematica ai seguenti indirizzi: <\/p>\n\n\n\n<p><strong>w<strong>www.electronicstime.it<br>www.electronicstime.biz<br>www.eyemotion.it<br>www.iklas.it<br>www.iklashome.it<\/strong><\/strong><\/p>\n\n\n\n<p>Le presenti informazioni non riguardano altri siti, pagine o servizi online raggiungibili tramite link ipertestuali eventualmente pubblicati nei siti ma riferiti a risorse esterne al dominio di Electronic\u2019s Time S.r.l..<\/p>\n\n\n\n<h3 class=\"wp-block-heading\">Titolare del trattamento<\/h3>\n\n\n\n<p>A seguito della consultazione dei siti sopra elencati possono essere trattati dati relativi a persone fisiche identificate o identificabili.<\/p>\n\n\n\n<p>Titolare del trattamento \u00e8 Electronic\u2019s Time S.r.l. con sede legale in Martina Franca (TA) alla Via Madonna Piccola, 32 R-Q (Email: info@electronicstime.it, PEC: info@pec.electronicstime.it, centralino +39 080.4802711).<\/p>\n\n\n\n<h3 class=\"wp-block-heading\">Responsabile della protezione dati<\/h3>\n\n\n\n<p>L\u2019azienda non ha l\u2019obbligo del Responsabile della Protezione dei dati ai sensi dell\u2019articolo 37 del regolamento UE 2016\/679 ma dispone di un\u2019area privacy alla quale \u00e8 possibile rivolgersi scrivendo all\u2019indirizzo mail: info@electronicstime.it.<\/p>\n\n\n\n<h3 class=\"wp-block-heading\">Base giuridica del trattamento<\/h3>\n\n\n\n<p>I dati personali indicati in questa pagina sono trattati da Electronic\u2019s Time S.r.l. per consentire la navigazione o per rendere specifici servizi (iscrizioni a eventi, servizi di e-commerce, invio di newsletter, ecc.) e conseguentemente la base giuridica dei trattamenti \u00e8 rappresentata dall\u2019esecuzione di un contratto di cui l\u2019interessato \u00e8 parte, ai sensi di quanto previsto dall\u2019art. 6.1 lett. b) del Regolamento UE o su esplicito consenso ai sensi dell\u2019art. 9.2 lett. a) dello stesso regolamento.<\/p>\n\n\n\n<h3 class=\"wp-block-heading\">Tipi di dati trattati e finalit\u00e0 del trattamento<br>Dati di navigazione<\/h3>\n\n\n\n<p>I sistemi informatici e le procedure software preposte al funzionamento di questo sito acquisiscono, nel corso del loro normale esercizio, alcuni dati personali la cui trasmissione \u00e8 implicita nell&#8217;uso dei protocolli di comunicazione di Internet.<\/p>\n\n\n\n<p>In questa categoria di dati rientrano gli indirizzi IP o i nomi a dominio dei computer e dei terminali utilizzati dagli utenti, gli indirizzi in notazione URI\/URL (Uniform Resource Identifier\/Locator) delle risorse richieste, l&#8217;orario della richiesta, il metodo utilizzato nel sottoporre la richiesta al server, la dimensione del file ottenuto in risposta, il codice numerico indicante lo stato della risposta data dal server (buon fine, errore, ecc.) ed altri parametri relativi al sistema operativo e all&#8217;ambiente informatico dell&#8217;utente.<\/p>\n\n\n\n<p>Tali dati, necessari per la fruizione dei servizi web, vengono anche trattati allo scopo di:<\/p>\n\n\n\n<p><br>ottenere informazioni statistiche sull&#8217;uso dei servizi (pagine pi\u00f9 visitate, numero di visitatori per fascia oraria o giornaliera, aree geografiche di provenienza, ecc.);<br>controllare il corretto funzionamento dei servizi offerti.<br>I dati di navigazione non persistono per pi\u00f9 di sette giorni e vengono cancellati immediatamente dopo la loro aggregazione (salve eventuali necessit\u00e0 di accertamento di reati da parte dell&#8217;Autorit\u00e0 giudiziaria).<\/p>\n\n\n\n<h3 class=\"wp-block-heading\">Dati comunicati dall&#8217;utente<\/h3>\n\n\n\n<p>L&#8217;invio facoltativo, esplicito e volontario di messaggi agli indirizzi di contatto di Electronic\u2019s Time S.r.l., nonch\u00e9 la compilazione e l&#8217;inoltro dei moduli presenti sui siti di Electronic\u2019s Time S.r.l. comportano l&#8217;acquisizione dei dati di contatto del mittente, necessari a rispondere, nonch\u00e9 di tutti i dati personali inclusi nelle comunicazioni.<\/p>\n\n\n\n<p>Specifiche informative verranno pubblicate nelle pagine dei siti di Electronic\u2019s Time S.r.l. predisposte per l&#8217;erogazione di determinati servizi.<\/p>\n\n\n\n<h3 class=\"wp-block-heading\">Cookie e altri sistemi di tracciamento<\/h3>\n\n\n\n<p>Non viene fatto uso di cookie per la profilazione degli utenti, n\u00e9 vengono impiegati altri metodi di tracciamento.<\/p>\n\n\n\n<p>Viene invece fatto uso di cookie di sessione (non persistenti) in modo strettamente limitato a quanto necessario per la navigazione sicura ed efficiente dei siti. La memorizzazione dei cookie di sessione nei terminali o nei browser \u00e8 sotto il controllo dell&#8217;utente, laddove sui server, al termine delle sessioni HTTP, informazioni relative ai cookie restano registrate nei log dei servizi secondo la policy di conservazione di wordfence consultabile al seguente link: https:\/\/www.wordfence.com\/help\/general-data-protection-regulation\/?utm_source=plugin&amp;utm_medium=pluginUI&amp;utm_campaign=docsIcon<\/p>\n\n\n\n<h3 class=\"wp-block-heading\">Destinatari dei dati<\/h3>\n\n\n\n<p>I dati personali raccolti sono trattati dal personale autorizzato di Electronic\u2019s Time S.r.l., che agisce sulla base di specifiche istruzioni fornite in ordine a finalit\u00e0 e modalit\u00e0 del trattamento medesimo.<\/p>\n\n\n\n<h3 class=\"wp-block-heading\">Diritti degli interessati<\/h3>\n\n\n\n<p>Gli interessati hanno il diritto di ottenere da Electronic\u2019s Time S.r.l., nei casi previsti, l&#8217;accesso ai dati personali e la rettifica o la cancellazione degli stessi o la limitazione del trattamento che li riguarda o di opporsi al trattamento (artt. 15 e ss. del Regolamento). L&#8217;apposita istanza pu\u00f2 essere presentata all\u2019area Privacy dell\u2019azienda scrivendo a info@electronicstime.it<\/p>\n\n\n\n<h3 class=\"wp-block-heading\">Diritto di reclamo<\/h3>\n\n\n\n<p>Gli interessati che ritengono che il trattamento dei dati personali a loro riferiti effettuato attraverso questo sito avvenga in violazione di quanto previsto dal Regolamento hanno il diritto di proporre reclamo al Garante per la protezione dei dati personali, come previsto dall&#8217;art. 77 del Regolamento stesso, o di adire le opportune sedi giudiziarie (art. 79 del Regolamento).<\/p>\n","protected":false},"excerpt":{"rendered":"<p>INFORMAZIONI SUL TRATTAMENTO DEI DATI PERSONALI degli utenti che consultano i siti web di Electronic\u2019s Time S.r.l.ai sensi dell&#8217;articolo 13 del Regolamento (UE) 2016\/679 Perch\u00e8 queste informazioni Ai sensi del Regolamento (UE) 2016\/679 (di seguito &#8220;Regolamento&#8221;), questa pagina descrive le modalit\u00e0 di trattamento dei dati personali degli utenti che consultano i siti web di Electronic\u2019s [&hellip;]<\/p>\n","protected":false},"author":1,"featured_media":0,"parent":0,"menu_order":0,"comment_status":"closed","ping_status":"open","template":"","meta":{"footnotes":""},"_links":{"self":[{"href":"https:\/\/www.electronicstime.it\/servizi\/wp-json\/wp\/v2\/pages\/3"}],"collection":[{"href":"https:\/\/www.electronicstime.it\/servizi\/wp-json\/wp\/v2\/pages"}],"about":[{"href":"https:\/\/www.electronicstime.it\/servizi\/wp-json\/wp\/v2\/types\/page"}],"author":[{"embeddable":true,"href":"https:\/\/www.electronicstime.it\/servizi\/wp-json\/wp\/v2\/users\/1"}],"replies":[{"embeddable":true,"href":"https:\/\/www.electronicstime.it\/servizi\/wp-json\/wp\/v2\/comments?post=3"}],"version-history":[{"count":4,"href":"https:\/\/www.electronicstime.it\/servizi\/wp-json\/wp\/v2\/pages\/3\/revisions"}],"predecessor-version":[{"id":7268,"href":"https:\/\/www.electronicstime.it\/servizi\/wp-json\/wp\/v2\/pages\/3\/revisions\/7268"}],"wp:attachment":[{"href":"https:\/\/www.electronicstime.it\/servizi\/wp-json\/wp\/v2\/media?parent=3"}],"curies":[{"name":"wp","href":"https:\/\/api.w.org\/{rel}","templated":true}]}}